{"id":47,"date":"2020-10-15T16:58:40","date_gmt":"2020-10-15T07:58:40","guid":{"rendered":"http:\/\/horaiya.com\/2\/?page_id=47"},"modified":"2020-10-30T22:08:24","modified_gmt":"2020-10-30T13:08:24","slug":"shopinfo","status":"publish","type":"page","link":"http:\/\/horaiya.com\/2\/fr\/shopinfo\/","title":{"rendered":"shop info"},"content":{"rendered":"\n<div class=\"shopinfo foreign\">\n\t<div class=\"mapbox\">\n\t\t<h3>Map<\/h3>\n\t\t\t<div class=\"inner\">\n\t\t\t\t<iframe src=\"https:\/\/www.google.com\/maps\/embed?pb=!1m18!1m12!1m3!1d405.04448294009643!2d139.69938351448317!3d35.69285949876197!2m3!1f0!2f0!3f0!3m2!1i1024!2i768!4f13.1!3m3!1m2!1s0x60188cd716919737%3A0x37332696cf990dd0!2z44CSMTYwLTAwMjMg5p2x5Lqs6YO95paw5a6_5Yy66KW_5paw5a6_77yR5LiB55uu77yS4oiS77yV!5e0!3m2!1sja!2sjp!4v1604063177009!5m2!1sja!2sjp\" width=\"800\" height=\"600\" frameborder=\"0\" style=\"border:0;\" allowfullscreen=\"\" aria-hidden=\"false\" tabindex=\"0\">\n\t\t\t\t<\/iframe>\n\t\t\t<\/div>\n\t\t\t<div class=\"googlemap_link\">\n\t\t\t\t<a href=\"https:\/\/maps.google.com\/maps?f=q&amp;source=embed&amp;hl=ja&amp;geocode=&amp;q=%E6%9D%B1%E4%BA%AC%E9%83%BD%E6%96%B0%E5%AE%BF%E5%8C%BA%E8%A5%BF%E6%96%B0%E5%AE%BF1-2-5&amp;aq=&amp;sll=37.09024,-93.164062&amp;sspn=53.477264,68.642578&amp;ie=UTF8&amp;hq=&amp;hnear=%E6%97%A5%E6%9C%AC,+%E6%9D%B1%E4%BA%AC%E9%83%BD%E6%96%B0%E5%AE%BF%E5%8C%BA%E8%A5%BF%E6%96%B0%E5%AE%BF%EF%BC%91%E4%B8%81%E7%9B%AE%EF%BC%92%E2%88%92%EF%BC%95&amp;t=m&amp;ll=35.692725,139.699665&amp;spn=0.001525,0.00228&amp;z=18&amp;iwloc=A\" target=\"blank\" rel=\"noopener noreferrer\">large map<i class=\"material-icons\">exit_to_app<\/i><\/a>\n\t\t\t<\/div>\n\t<\/div>\n\n\t<div class=\"mapbox\">\n\t\t<h3>How to get to our restaurant<\/h3>\n\t\t<div class=\"route\">\n\t\t\t<h4>Take the Shinjuku Station West Exit.<\/h4>\n(Facing the West Exit traffic circle) Head straight to your right.<br>\n<i class=\"material-icons\">arrow_downward<\/i><br>\nTurn right at the Pallet Building (UNIQLO).<br>\n<i class=\"material-icons\">arrow_downward<\/i><br>\nTake a right at the pet shop at the end of the road (Omoide-Yokocho)<br>\n<i class=\"material-icons\">arrow_downward<\/i><br>\nThird building down in the opposite direction of the station\n\t\t<\/div>\n\t\t<div class=\"route\">\n\t\t\t<h4>Get off at the Seibu-Shinjuku PePe exit<\/h4>\nGo past the West Exit overpass intersection and continue toward Shinjuku station.<br>\n<i class=\"material-icons\">arrow_downward<\/i><br>\nEnter Omoide-Yokocho and it is the third building down.\n\t\t<\/div>\n\t<\/div>\n\n<div class=\"mapbox\">\n<h3>Restaurant information<\/h3>\n<dl class=\"en\">\n \t<dt>Heures d&#8217; ouverture:<\/dt>\n \t<dd>en semaine 15:30 \u301c 24:00 (Dernier service 23:30)<br>\nSamedi et jours f\u00e9ri\u00e9s 14:30 \u301c23:00 (Dernier service 22:30)<br>\nDimanche et jours f\u00e9ri\u00e9s 13:00\u301c22:00 (Dernier service 21:00)<br>\n<span class=\"notice\">* Pri\u00e8re de se renseigner par t\u00e9l\u00e9phone pour les horaires d&#8217;ouverture\/fermeture des jours f\u00e9ri\u00e9s.<\/span><\/dd>\n \t<dt>Vacances r\u00e9guli\u00e8res:<\/dt>\n \t<dd>Les jours de fermeture ne sont pas d\u00e9cid\u00e9s.<br>\n<span class=\"notice\">* Pour connaitre les jours de conge, pensez a consulter notre page web.<\/span><\/dd>\n \t<dt>Address:<\/dt>\n \t<dd>1-2-5 Nishi-Shinjuku, Shinjuku-ku, Tokyo, Japan 160-0023<br>\n<span class=\"notice\">* Alongside the Omoide-Yokocho train tracks.<\/span><\/dd>\n \t<dt>TEL:<\/dt>\n \t<dd>03-3344-3117<\/dd>\n \t<dt>website:<\/dt>\n \t<dd>http:\/\/HORAIYA.com<\/dd>\n \t<dt>email:<\/dt>\n \t<dd>mail@HORAIYA.com<\/dd>\n<\/dl>\n<\/div>\n<\/div>\n","protected":false},"excerpt":{"rendered":"Map large mapexit_to_app How to get to our restaurant Take the Shinjuku Station West Exit. (Facing the West Ex [&hellip;]","protected":false},"author":1,"featured_media":37,"parent":42,"menu_order":0,"comment_status":"closed","ping_status":"closed","template":"page-nosidebar-fr.php","meta":[],"_links":{"self":[{"href":"http:\/\/horaiya.com\/2\/wp-json\/wp\/v2\/pages\/47"}],"collection":[{"href":"http:\/\/horaiya.com\/2\/wp-json\/wp\/v2\/pages"}],"about":[{"href":"http:\/\/horaiya.com\/2\/wp-json\/wp\/v2\/types\/page"}],"author":[{"embeddable":true,"href":"http:\/\/horaiya.com\/2\/wp-json\/wp\/v2\/users\/1"}],"replies":[{"embeddable":true,"href":"http:\/\/horaiya.com\/2\/wp-json\/wp\/v2\/comments?post=47"}],"version-history":[{"count":8,"href":"http:\/\/horaiya.com\/2\/wp-json\/wp\/v2\/pages\/47\/revisions"}],"predecessor-version":[{"id":418,"href":"http:\/\/horaiya.com\/2\/wp-json\/wp\/v2\/pages\/47\/revisions\/418"}],"up":[{"embeddable":true,"href":"http:\/\/horaiya.com\/2\/wp-json\/wp\/v2\/pages\/42"}],"wp:featuredmedia":[{"embeddable":true,"href":"http:\/\/horaiya.com\/2\/wp-json\/wp\/v2\/media\/37"}],"wp:attachment":[{"href":"http:\/\/horaiya.com\/2\/wp-json\/wp\/v2\/media?parent=47"}],"curies":[{"name":"wp","href":"https:\/\/api.w.org\/{rel}","templated":true}]}}