{"id":60,"date":"2020-10-15T17:26:27","date_gmt":"2020-10-15T08:26:27","guid":{"rendered":"http:\/\/horaiya.com\/2\/?page_id=60"},"modified":"2020-10-29T19:07:45","modified_gmt":"2020-10-29T10:07:45","slug":"shopinfo","status":"publish","type":"page","link":"http:\/\/horaiya.com\/2\/es\/shopinfo\/","title":{"rendered":"shop info"},"content":{"rendered":"\n<div class=\"shopinfo foreign\">\n\t<div class=\"mapbox\">\n\t\t<h3>Mapa<\/h3>\n\t\t\t<div class=\"inner\">\n\t\t\t\t<iframe src=\"https:\/\/www.google.com\/maps\/embed?pb=!1m14!1m8!1m3!1d1620.180663971605!2d139.699665!3d35.692725!3m2!1i1024!2i768!4f13.1!3m3!1m2!1s0x60188cd716919737%3A0x37332696cf990dd0!2z44CSMTYwLTAwMjMg5p2x5Lqs6YO95paw5a6_5Yy66KW_5paw5a6_77yR5LiB55uu77yS4oiS77yV!5e0!3m2!1sja!2sjp!4v1602677349771!5m2!1sja!2sjp\" width=\"800\" height=\"600\" frameborder=\"0\" style=\"border:0;\" allowfullscreen=\"\" aria-hidden=\"false\" tabindex=\"0\">\n\t\t\t\t<\/iframe>\n\t\t\t<\/div>\n\t\t\t<div class=\"googlemap_link\">\n\t\t\t\t<a href=\"https:\/\/maps.google.com\/maps?f=q&amp;source=embed&amp;hl=ja&amp;geocode=&amp;q=%E6%9D%B1%E4%BA%AC%E9%83%BD%E6%96%B0%E5%AE%BF%E5%8C%BA%E8%A5%BF%E6%96%B0%E5%AE%BF1-2-5&amp;aq=&amp;sll=37.09024,-93.164062&amp;sspn=53.477264,68.642578&amp;ie=UTF8&amp;hq=&amp;hnear=%E6%97%A5%E6%9C%AC,+%E6%9D%B1%E4%BA%AC%E9%83%BD%E6%96%B0%E5%AE%BF%E5%8C%BA%E8%A5%BF%E6%96%B0%E5%AE%BF%EF%BC%91%E4%B8%81%E7%9B%AE%EF%BC%92%E2%88%92%EF%BC%95&amp;t=m&amp;ll=35.692725,139.699665&amp;spn=0.001525,0.00228&amp;z=18&amp;iwloc=A\" target=\"blank\" rel=\"noopener noreferrer\">large map<i class=\"material-icons\">exit_to_app<\/i><\/a>\n\t\t\t<\/div>\n\t<\/div>\n\n\t<div class=\"mapbox\">\n\t\t<h3>Como llegar a nuestra taberna<\/h3>\n\t\t<div class=\"route\">\n\t\t\t<h4>Baje a la estaci\u00f3n de JR de Shinjuku y salga de la entrada oeste.<\/h4>\n(Mirando la rotonda de la entrada oeste en frente de Ud.)Siga todo recto a la derecha.<br>\n<i class=\"material-icons\">arrow_downward<\/i><br>\nGire a la derecha al edificio llamado Paltte (UNIQLO).<br>\n<i class=\"material-icons\">arrow_downward<\/i><br>\nFin de la calle, gire a la izquierda a la tienda de animales (Omoide-Yokocho).<br>\n<i class=\"material-icons\">arrow_downward<\/i><br>\nEs la tercera casa de la direcci\u00f3n de estaci\u00f3n.\n\t\t<\/div>\n\t\t<div class=\"route\">\n\t\t\t<h4>Baje a la estaci\u00f3n de Seibu Shinjuku y salga de la entrada de PePe<\/h4>\nPase el gran viaducto y cruze el gran viaducto de entrada Oeste hacia estaci\u00f3n de Shinjuku.<br>\n<i class=\"material-icons\">arrow_downward<\/i><br>\nEntre al callej\u00f3n de Omoide-Yokocho y nuestra taberna es la tercera casa desde la direcci\u00f3n de la estaci\u00f3n.\n\t\t<\/div>\n\t<\/div>\n\n<div class=\"mapbox\">\n<h3>Informaci\u00f3n de la nuestra taberna<\/h3>\n<dl class=\"en\">\n \t<dt>Horario:<\/dt>\n \t<dd>de lunes a viernes 15:30\u301c24:00 (\u00daltimo pedido 23:30)\nS\u00e1bado y festivo 14:30\u301c23:00 (\u00daltimo pedido 22:30)\nDomingo y festivo 13:00\u301c22:00 (\u00daltimo pedido 21:00)\n<span class=\"notice\">* P\u00f3ngase en contacto con nosotros sobre el horario de los festivos.<\/span><\/dd>\n \t<dt>Cerrado:<\/dt>\n \t<dd>Irregular\n<span class=\"notice\">* P\u00f3ngase en contacto con nosotros o visite a nuestra p\u00e1gina web para saber los d\u00edas de descanso.<\/span><\/dd>\n \t<dt>Horaiya \u2161:<\/dt>\n \t<dd>1-2-5 Nishi-Shinjuku, Shinjuku-ku, Tokyo, Japan 160-0023\nEst\u00e1 en callej\u00f3n de Omoide-Yokocho que est\u00e1 al lado de la v\u00eda.<\/dd>\n \t<dt>TEL:<\/dt>\n \t<dd>03-3344-3117<\/dd>\n \t<dt>website:<\/dt>\n \t<dd>http:\/\/HORAIYA.com<\/dd>\n \t<dt>email:<\/dt>\n \t<dd>mail@HORAIYA.com<\/dd>\n<\/dl>\n<\/div>\n<\/div>\n","protected":false},"excerpt":{"rendered":"Mapa large mapexit_to_app Como llegar a nuestra taberna Baje a la estaci\u00f3n de JR de Shinjuku y salga de la ent [&hellip;]","protected":false},"author":1,"featured_media":37,"parent":55,"menu_order":0,"comment_status":"closed","ping_status":"closed","template":"page-nosidebar-es.php","meta":[],"_links":{"self":[{"href":"http:\/\/horaiya.com\/2\/wp-json\/wp\/v2\/pages\/60"}],"collection":[{"href":"http:\/\/horaiya.com\/2\/wp-json\/wp\/v2\/pages"}],"about":[{"href":"http:\/\/horaiya.com\/2\/wp-json\/wp\/v2\/types\/page"}],"author":[{"embeddable":true,"href":"http:\/\/horaiya.com\/2\/wp-json\/wp\/v2\/users\/1"}],"replies":[{"embeddable":true,"href":"http:\/\/horaiya.com\/2\/wp-json\/wp\/v2\/comments?post=60"}],"version-history":[{"count":6,"href":"http:\/\/horaiya.com\/2\/wp-json\/wp\/v2\/pages\/60\/revisions"}],"predecessor-version":[{"id":375,"href":"http:\/\/horaiya.com\/2\/wp-json\/wp\/v2\/pages\/60\/revisions\/375"}],"up":[{"embeddable":true,"href":"http:\/\/horaiya.com\/2\/wp-json\/wp\/v2\/pages\/55"}],"wp:featuredmedia":[{"embeddable":true,"href":"http:\/\/horaiya.com\/2\/wp-json\/wp\/v2\/media\/37"}],"wp:attachment":[{"href":"http:\/\/horaiya.com\/2\/wp-json\/wp\/v2\/media?parent=60"}],"curies":[{"name":"wp","href":"https:\/\/api.w.org\/{rel}","templated":true}]}}